{"id":49,"date":"2015-02-22T14:44:57","date_gmt":"2015-02-22T14:44:57","guid":{"rendered":"http:\/\/www.piapo.fi\/?page_id=49"},"modified":"2026-02-09T21:05:15","modified_gmt":"2026-02-09T19:05:15","slug":"etusivu-2","status":"publish","type":"page","link":"http:\/\/www.piapo.fi\/","title":{"rendered":"Etusivu"},"content":{"rendered":"<h2><span style=\"color: #000000; font-size: 24pt;\">Tervetuloa Kivisaaren Piapojauhojen kotisivuille !<\/span><\/h2>\n<p><span style=\"color: #000000;\">\u00a0<\/span><\/p>\n<p><span style=\"color: #000000; font-size: 14pt;\">Kivisaaren Piapojauhot valmistetaan ammattitaidolla Salossa, Kuusjoen peltomaisemissa. Jauhojen valmistus aloitettiin kolmisenkymment\u00e4 vuotta sitten ja nyt jauhoja l\u00f6ytyy useista l\u00e4hialueen kaupoista, sek\u00e4 useista K-ryhm\u00e4n kaupoista ymp\u00e4ri Suomen. Vinkkaa kauppiaalle jos tuotetta ei viel\u00e4 hyllyst\u00e4 l\u00f6ydy.\u00a0 <\/span><\/p>\n<p><span style=\"color: #000000; font-size: 14pt;\">P\u00e4\u00e4osin tilan l\u00e4hipelloilla kasvanut kaura kuivataan Kivisaaren Piapojauhojen omalla reseptill\u00e4, joka on kulkenut suvussa useiden sukupolvien ajan. Kaura jauhetaan tilan omalla myllyll\u00e4. Pussitus hoidetaan perheen voimin pihapiiriss\u00e4 sijaitsevassa pakkaamossa.<\/span><\/p>\n<p><span style=\"color: #000000; font-size: 14pt;\">Kokeile Kivisaaren Piapojauhoja ja nauti niiden perinteikk\u00e4\u00e4st\u00e4 mausta.<\/span><\/p>\n<p>&nbsp;<\/p>\n<p><span style=\"color: #000000;\">\u00a0<span style=\"font-size: 14pt; color: #000000;\"><strong>Ajankohtaista:<\/strong><\/span><\/span><\/p>\n<p>&nbsp;<\/p>\n<p><span style=\"text-decoration: underline; font-size: 14pt;\"><span style=\"color: #000000; text-decoration: underline;\" data-olk-copy-source=\"MessageBody\">Kiitos kaikille asiakkaillemme kuluneista vuosikymmenist\u00e4. <\/span><\/span><\/p>\n<p><span style=\"text-decoration: underline; font-size: 14pt;\"><span style=\"color: #000000; text-decoration: underline;\" data-olk-copy-source=\"MessageBody\">Toimintamme loppuu, varastossa olevat piapojauhot toimitamme v. 2026 kev\u00e4ttalven aikana. Jatkajaa emme onnistuneet l\u00f6yt\u00e4m\u00e4\u00e4n.<\/span><\/span><\/p>\n<p>&nbsp;<\/p>\n<p>&nbsp;<\/p>\n<p><span style=\"font-size: 14pt; color: #000000;\">Kev\u00e4\u00e4ll\u00e4 2022 pussin ulkon\u00e4k\u00f6 muuttuu hieman, pakkauskoko s\u00e4ilyy entisell\u00e4\u00e4n.<\/span><\/p>\n<p><span style=\"color: #000000; font-size: 14pt;\">Vuoden 2020 alusta tuote on gluteeniton<\/span><\/p>\n<p><span style=\"color: #000000; font-size: 14pt;\">Viimeisin Oiva tarkistus on suoritettu 20.09.2024 Oikealla olevasta Oiva-logosta p\u00e4\u00e4set k\u00e4siksi raportteihin.<br \/>\n<\/span><\/p>\n<p><span style=\"color: #000000; font-size: 14pt;\">Raportit ovat n\u00e4ht\u00e4viss\u00e4 my\u00f6s Oivan\u00a0 <a href=\"https:\/\/www.oivahymy.fi\/portal\/fi\/\">verkkosivuilla<\/a><\/span><a href=\"http:\/\/www.piapo.fi\/wp-content\/uploads\/2025\/01\/oiva2024.pdf\"><span style=\"color: #000000; font-size: 14pt;\"><img loading=\"lazy\" decoding=\"async\" class=\" wp-image-245 alignright\" src=\"http:\/\/www.piapo.fi\/wp-content\/uploads\/2015\/02\/oiva_sinettilogo_rgb-300x300.jpg\" alt=\"\" width=\"166\" height=\"166\" srcset=\"http:\/\/www.piapo.fi\/wp-content\/uploads\/2015\/02\/oiva_sinettilogo_rgb-300x300.jpg 300w, http:\/\/www.piapo.fi\/wp-content\/uploads\/2015\/02\/oiva_sinettilogo_rgb-150x150.jpg 150w, http:\/\/www.piapo.fi\/wp-content\/uploads\/2015\/02\/oiva_sinettilogo_rgb-1024x1024.jpg 1024w\" sizes=\"auto, (max-width: 166px) 100vw, 166px\" \/> <\/span><\/a><\/p>\n<p style=\"padding-left: 840px;\"><span style=\"color: #000000; font-size: 14pt;\">\u00a0<\/span><span style=\"color: #000000; font-size: 14pt;\"><br \/>\n<\/span><\/p>\n","protected":false},"excerpt":{"rendered":"<p>Tervetuloa Kivisaaren Piapojauhojen kotisivuille ! \u00a0 Kivisaaren Piapojauhot valmistetaan ammattitaidolla Salossa, Kuusjoen peltomaisemissa. Jauhojen valmistus aloitettiin kolmisenkymment\u00e4 vuotta sitten ja nyt jauhoja l\u00f6ytyy useista l\u00e4hialueen kaupoista, sek\u00e4 useista K-ryhm\u00e4n kaupoista ymp\u00e4ri Suomen. Vinkkaa kauppiaalle jos tuotetta ei viel\u00e4 hyllyst\u00e4 l\u00f6ydy.\u00a0 P\u00e4\u00e4osin tilan l\u00e4hipelloilla kasvanut kaura kuivataan Kivisaaren Piapojauhojen omalla reseptill\u00e4, joka on kulkenut suvussa useiden [&hellip;]<\/p>\n","protected":false},"author":1,"featured_media":0,"parent":0,"menu_order":0,"comment_status":"closed","ping_status":"closed","template":"","meta":{"footnotes":""},"class_list":["post-49","page","type-page","status-publish","hentry"],"_links":{"self":[{"href":"http:\/\/www.piapo.fi\/index.php?rest_route=\/wp\/v2\/pages\/49","targetHints":{"allow":["GET"]}}],"collection":[{"href":"http:\/\/www.piapo.fi\/index.php?rest_route=\/wp\/v2\/pages"}],"about":[{"href":"http:\/\/www.piapo.fi\/index.php?rest_route=\/wp\/v2\/types\/page"}],"author":[{"embeddable":true,"href":"http:\/\/www.piapo.fi\/index.php?rest_route=\/wp\/v2\/users\/1"}],"replies":[{"embeddable":true,"href":"http:\/\/www.piapo.fi\/index.php?rest_route=%2Fwp%2Fv2%2Fcomments&post=49"}],"version-history":[{"count":41,"href":"http:\/\/www.piapo.fi\/index.php?rest_route=\/wp\/v2\/pages\/49\/revisions"}],"predecessor-version":[{"id":376,"href":"http:\/\/www.piapo.fi\/index.php?rest_route=\/wp\/v2\/pages\/49\/revisions\/376"}],"wp:attachment":[{"href":"http:\/\/www.piapo.fi\/index.php?rest_route=%2Fwp%2Fv2%2Fmedia&parent=49"}],"curies":[{"name":"wp","href":"https:\/\/api.w.org\/{rel}","templated":true}]}}