{"id":26,"date":"2015-02-22T10:47:10","date_gmt":"2015-02-22T10:47:10","guid":{"rendered":"http:\/\/www.piapo.fi\/?page_id=26"},"modified":"2024-06-24T21:25:18","modified_gmt":"2024-06-24T19:25:18","slug":"yhteystiedot","status":"publish","type":"page","link":"http:\/\/www.piapo.fi\/?page_id=26","title":{"rendered":"Yhteystiedot"},"content":{"rendered":"<div id=\"Left\"><span style=\"color: #000000; font-size: 14pt;\">\u00a0<\/span><\/div>\n<div id=\"Right\">\n<p><span style=\"color: #000000; font-size: 14pt;\">Mik\u00e4li sinulla on kysytt\u00e4v\u00e4\u00e4 tuotteestamme tai haluat lis\u00e4t\u00e4 sen<br \/>\nmyym\u00e4l\u00e4si valikoimaan. Ota yhteytt\u00e4. <a style=\"color: #000000;\" href=\"http:\/\/www.piapo.fi\/wp-content\/uploads\/2015\/02\/Yhteystiedot.jpg\"><img loading=\"lazy\" decoding=\"async\" class=\" wp-image-181 alignright\" src=\"http:\/\/www.piapo.fi\/wp-content\/uploads\/2015\/02\/Yhteystiedot-300x200.jpg\" alt=\"Yhteystiedot\" width=\"469\" height=\"312\" srcset=\"http:\/\/www.piapo.fi\/wp-content\/uploads\/2015\/02\/Yhteystiedot-300x200.jpg 300w, http:\/\/www.piapo.fi\/wp-content\/uploads\/2015\/02\/Yhteystiedot-1024x683.jpg 1024w, http:\/\/www.piapo.fi\/wp-content\/uploads\/2015\/02\/Yhteystiedot-1140x760.jpg 1140w, http:\/\/www.piapo.fi\/wp-content\/uploads\/2015\/02\/Yhteystiedot-570x380.jpg 570w, http:\/\/www.piapo.fi\/wp-content\/uploads\/2015\/02\/Yhteystiedot-380x254.jpg 380w, http:\/\/www.piapo.fi\/wp-content\/uploads\/2015\/02\/Yhteystiedot-285x190.jpg 285w, http:\/\/www.piapo.fi\/wp-content\/uploads\/2015\/02\/Yhteystiedot.jpg 1800w\" sizes=\"auto, (max-width: 469px) 100vw, 469px\" \/><\/a><\/span><\/p>\n<p><span style=\"color: #000000; font-size: 14pt;\">Kari Tuominen<\/span><br \/>\n<span style=\"color: #000000; font-size: 14pt;\"> Puh. 0500-742753 <\/span><br \/>\n<span style=\"color: #000000; font-size: 14pt;\"> Haukanojantie 130, 25320 Raatala<\/span><br \/>\n<span style=\"color: #000000; font-size: 14pt;\"> S\u00e4hk\u00f6posti: piapojauhoi@gmail.com<\/span><\/p>\n<p><span style=\"color: #000000; font-size: 12pt;\"><br \/>\n<\/span><\/p>\n<\/div>\n","protected":false},"excerpt":{"rendered":"<p>\u00a0 Mik\u00e4li sinulla on kysytt\u00e4v\u00e4\u00e4 tuotteestamme tai haluat lis\u00e4t\u00e4 sen myym\u00e4l\u00e4si valikoimaan. Ota yhteytt\u00e4. Kari Tuominen Puh. 0500-742753 Haukanojantie 130, 25320 Raatala S\u00e4hk\u00f6posti: piapojauhoi@gmail.com<\/p>\n","protected":false},"author":1,"featured_media":0,"parent":0,"menu_order":0,"comment_status":"closed","ping_status":"closed","template":"","meta":{"footnotes":""},"class_list":["post-26","page","type-page","status-publish","hentry"],"_links":{"self":[{"href":"http:\/\/www.piapo.fi\/index.php?rest_route=\/wp\/v2\/pages\/26","targetHints":{"allow":["GET"]}}],"collection":[{"href":"http:\/\/www.piapo.fi\/index.php?rest_route=\/wp\/v2\/pages"}],"about":[{"href":"http:\/\/www.piapo.fi\/index.php?rest_route=\/wp\/v2\/types\/page"}],"author":[{"embeddable":true,"href":"http:\/\/www.piapo.fi\/index.php?rest_route=\/wp\/v2\/users\/1"}],"replies":[{"embeddable":true,"href":"http:\/\/www.piapo.fi\/index.php?rest_route=%2Fwp%2Fv2%2Fcomments&post=26"}],"version-history":[{"count":53,"href":"http:\/\/www.piapo.fi\/index.php?rest_route=\/wp\/v2\/pages\/26\/revisions"}],"predecessor-version":[{"id":370,"href":"http:\/\/www.piapo.fi\/index.php?rest_route=\/wp\/v2\/pages\/26\/revisions\/370"}],"wp:attachment":[{"href":"http:\/\/www.piapo.fi\/index.php?rest_route=%2Fwp%2Fv2%2Fmedia&parent=26"}],"curies":[{"name":"wp","href":"https:\/\/api.w.org\/{rel}","templated":true}]}}