{"id":22,"date":"2015-02-22T10:45:58","date_gmt":"2015-02-22T10:45:58","guid":{"rendered":"http:\/\/www.piapo.fi\/?page_id=22"},"modified":"2022-04-02T12:20:36","modified_gmt":"2022-04-02T10:20:36","slug":"tuotetiedot","status":"publish","type":"page","link":"http:\/\/www.piapo.fi\/?page_id=22","title":{"rendered":"Tuotetiedot"},"content":{"rendered":"<p><span style=\"color: #000000; font-size: 14pt;\">Kivisaaren piapojauhot valmistetaan\u00a0 kaurasta. Kaura keitet\u00e4\u00e4n, kuivataan ja kuoritaan osittain. Aiemmin savuaromi saatiin jauhoihin kuivaamalla keitetyt kauranjyv\u00e4t riihess\u00e4. Prosessi kesti useamman p\u00e4iv\u00e4n. Nyky\u00e4\u00e4n Kivisaaren Piapojauhot valmistetaan yhdistellen perinnett\u00e4 ja uusia kehittyneempi\u00e4 valmistustapoja savukui<\/span><span style=\"color: #000000; font-size: 14pt;\">vaamalla.<br \/>\n<\/span><br \/>\n<span style=\"color: #000000;\"><span style=\"font-size: 14pt;\">Piapojauhoille ominainen savun maku tulee edelleen aidosta luonnon savusta.<br \/>\nValmistuksen aikana tuotteeseen lis\u00e4t\u00e4\u00e4n ripaus suolaa ja hernett\u00e4. Samoja raaka-aineita joit<\/span><\/span><span style=\"color: #000000; font-size: 14pt;\">a reseptiss\u00e4 on k\u00e4ytetty sukupolvien ajan.<br \/>\n<\/span><\/p>\n<p><span style=\"color: #000000; font-size: 14pt;\">Kivisaaren piapojauhot ovat puhdas ja terveellinen vaihtoehto ruokap\u00f6yt\u00e4\u00e4si. Hienoutensa vuoksi ne sopivat hyvin my\u00f6s leivontaan ja j\u00e4lkiruokiin.<\/span><\/p>\n<p><span style=\"color: #000000; font-size: 14pt;\"><a href=\"http:\/\/www.piapo.fi\/wp-content\/uploads\/2022\/04\/20220202_193939.jpg\"><img loading=\"lazy\" decoding=\"async\" class=\"alignright wp-image-357\" src=\"http:\/\/www.piapo.fi\/wp-content\/uploads\/2022\/04\/20220202_193939-1024x576.jpg\" alt=\"\" width=\"251\" height=\"446\" \/><\/a><\/span><\/p>\n<p>&nbsp;<\/p>\n<p style=\"padding-left: 30px; text-align: left;\">\u00a0<span style=\"font-size: 14pt;\"><strong><span style=\"color: #000000;\">Ravintosis\u00e4lt\u00f6 100g:ssa<\/span><\/strong><\/span><\/p>\n<ul>\n<li style=\"text-align: left;\"><span style=\"color: #000000; font-size: 14pt;\">Energiaa 1231kj\/296kcal<\/span><\/li>\n<li style=\"text-align: left;\"><span style=\"color: #000000; font-size: 14pt;\">Rasva 3g<\/span>\n<ul>\n<li><span style=\"color: #000000; font-size: 14pt;\">josta tyydyttynytt\u00e4 0,9g<\/span><\/li>\n<\/ul>\n<\/li>\n<li style=\"text-align: left;\"><span style=\"color: #000000; font-size: 14pt;\">Hiilihydraatti 57g<\/span>\n<ul>\n<li><span style=\"color: #000000; font-size: 14pt;\">josta sokereita 1,3g<\/span><\/li>\n<\/ul>\n<\/li>\n<li style=\"text-align: left;\"><span style=\"color: #000000; font-size: 14pt;\">Ravintokuitu 10g<\/span><\/li>\n<li style=\"text-align: left;\"><span style=\"font-size: 14pt;\"><span style=\"color: #000000;\">Proteiini 10g<\/span><span style=\"color: #000000;\">\u00a0\u00a0<\/span><\/span><\/li>\n<li style=\"text-align: left;\"><span style=\"color: #000000; font-size: 14pt;\">Suola 0,6g<\/span><\/li>\n<\/ul>\n","protected":false},"excerpt":{"rendered":"<p>Kivisaaren piapojauhot valmistetaan\u00a0 kaurasta. Kaura keitet\u00e4\u00e4n, kuivataan ja kuoritaan osittain. Aiemmin savuaromi saatiin jauhoihin kuivaamalla keitetyt kauranjyv\u00e4t riihess\u00e4. Prosessi kesti useamman p\u00e4iv\u00e4n. Nyky\u00e4\u00e4n Kivisaaren Piapojauhot valmistetaan yhdistellen perinnett\u00e4 ja uusia kehittyneempi\u00e4 valmistustapoja savukuivaamalla. Piapojauhoille ominainen savun maku tulee edelleen aidosta luonnon savusta. Valmistuksen aikana tuotteeseen lis\u00e4t\u00e4\u00e4n ripaus suolaa ja hernett\u00e4. Samoja raaka-aineita joita reseptiss\u00e4 on [&hellip;]<\/p>\n","protected":false},"author":1,"featured_media":0,"parent":0,"menu_order":0,"comment_status":"closed","ping_status":"closed","template":"","meta":{"footnotes":""},"class_list":["post-22","page","type-page","status-publish","hentry"],"_links":{"self":[{"href":"http:\/\/www.piapo.fi\/index.php?rest_route=\/wp\/v2\/pages\/22","targetHints":{"allow":["GET"]}}],"collection":[{"href":"http:\/\/www.piapo.fi\/index.php?rest_route=\/wp\/v2\/pages"}],"about":[{"href":"http:\/\/www.piapo.fi\/index.php?rest_route=\/wp\/v2\/types\/page"}],"author":[{"embeddable":true,"href":"http:\/\/www.piapo.fi\/index.php?rest_route=\/wp\/v2\/users\/1"}],"replies":[{"embeddable":true,"href":"http:\/\/www.piapo.fi\/index.php?rest_route=%2Fwp%2Fv2%2Fcomments&post=22"}],"version-history":[{"count":33,"href":"http:\/\/www.piapo.fi\/index.php?rest_route=\/wp\/v2\/pages\/22\/revisions"}],"predecessor-version":[{"id":363,"href":"http:\/\/www.piapo.fi\/index.php?rest_route=\/wp\/v2\/pages\/22\/revisions\/363"}],"wp:attachment":[{"href":"http:\/\/www.piapo.fi\/index.php?rest_route=%2Fwp%2Fv2%2Fmedia&parent=22"}],"curies":[{"name":"wp","href":"https:\/\/api.w.org\/{rel}","templated":true}]}}