{"id":171,"date":"2015-03-03T20:27:35","date_gmt":"2015-03-03T18:27:35","guid":{"rendered":"http:\/\/www.piapo.fi\/?page_id=171"},"modified":"2015-03-03T20:28:35","modified_gmt":"2015-03-03T18:28:35","slug":"perinteinen-piapopopero","status":"publish","type":"page","link":"http:\/\/www.piapo.fi\/?page_id=171","title":{"rendered":"Perinteinen Piapop\u00f6per\u00f6"},"content":{"rendered":"<p><span style=\"color: #000000; font-size: 12pt;\"><strong>Perinteinen Piapop\u00f6per\u00f6<\/strong><br \/>\n<\/span><\/p>\n<p><span style=\"color: #000000; font-size: 12pt;\">\u00a0<\/span><\/p>\n<p><span style=\"color: #000000; font-size: 12pt;\">2 dl survottuja marjoja esim. mustikoitanoin 2 rkl Kivisaaren piapojauhoja<a href=\"http:\/\/www.piapo.fi\/wp-content\/uploads\/2015\/02\/20150126_Piapo_0118.jpg\"><img loading=\"lazy\" decoding=\"async\" class=\"  wp-image-169 alignright\" src=\"http:\/\/www.piapo.fi\/wp-content\/uploads\/2015\/02\/20150126_Piapo_0118-300x200.jpg\" alt=\"20150126_Piapo_0118\" width=\"408\" height=\"272\" srcset=\"http:\/\/www.piapo.fi\/wp-content\/uploads\/2015\/02\/20150126_Piapo_0118-300x200.jpg 300w, http:\/\/www.piapo.fi\/wp-content\/uploads\/2015\/02\/20150126_Piapo_0118-1024x683.jpg 1024w, http:\/\/www.piapo.fi\/wp-content\/uploads\/2015\/02\/20150126_Piapo_0118-1140x760.jpg 1140w, http:\/\/www.piapo.fi\/wp-content\/uploads\/2015\/02\/20150126_Piapo_0118-570x380.jpg 570w, http:\/\/www.piapo.fi\/wp-content\/uploads\/2015\/02\/20150126_Piapo_0118-380x254.jpg 380w, http:\/\/www.piapo.fi\/wp-content\/uploads\/2015\/02\/20150126_Piapo_0118-285x190.jpg 285w\" sizes=\"auto, (max-width: 408px) 100vw, 408px\" \/><\/a><\/span><\/p>\n<p><span style=\"color: #000000; font-size: 12pt;\">\u00a0<\/span><\/p>\n<p><span style=\"color: #000000; font-size: 12pt;\">Sekoita aineet kesken\u00e4\u00e4n. Piapojauhoja maun mukaan.<\/span><\/p>\n<p><span style=\"color: #000000;\"><span style=\"font-size: 12pt;\">Halutessasi voit lis\u00e4t\u00e4 p\u00f6per\u00f6n p\u00e4\u00e4lle kermavaahtoa tai vaniljavaahtoa.<\/span><br \/>\n<\/span><\/p>\n","protected":false},"excerpt":{"rendered":"<p>Perinteinen Piapop\u00f6per\u00f6 \u00a0 2 dl survottuja marjoja esim. mustikoitanoin 2 rkl Kivisaaren piapojauhoja \u00a0 Sekoita aineet kesken\u00e4\u00e4n. Piapojauhoja maun mukaan. Halutessasi voit lis\u00e4t\u00e4 p\u00f6per\u00f6n p\u00e4\u00e4lle kermavaahtoa tai vaniljavaahtoa.<\/p>\n","protected":false},"author":1,"featured_media":0,"parent":24,"menu_order":0,"comment_status":"closed","ping_status":"closed","template":"","meta":{"footnotes":""},"class_list":["post-171","page","type-page","status-publish","hentry"],"_links":{"self":[{"href":"http:\/\/www.piapo.fi\/index.php?rest_route=\/wp\/v2\/pages\/171","targetHints":{"allow":["GET"]}}],"collection":[{"href":"http:\/\/www.piapo.fi\/index.php?rest_route=\/wp\/v2\/pages"}],"about":[{"href":"http:\/\/www.piapo.fi\/index.php?rest_route=\/wp\/v2\/types\/page"}],"author":[{"embeddable":true,"href":"http:\/\/www.piapo.fi\/index.php?rest_route=\/wp\/v2\/users\/1"}],"replies":[{"embeddable":true,"href":"http:\/\/www.piapo.fi\/index.php?rest_route=%2Fwp%2Fv2%2Fcomments&post=171"}],"version-history":[{"count":1,"href":"http:\/\/www.piapo.fi\/index.php?rest_route=\/wp\/v2\/pages\/171\/revisions"}],"predecessor-version":[{"id":172,"href":"http:\/\/www.piapo.fi\/index.php?rest_route=\/wp\/v2\/pages\/171\/revisions\/172"}],"up":[{"embeddable":true,"href":"http:\/\/www.piapo.fi\/index.php?rest_route=\/wp\/v2\/pages\/24"}],"wp:attachment":[{"href":"http:\/\/www.piapo.fi\/index.php?rest_route=%2Fwp%2Fv2%2Fmedia&parent=171"}],"curies":[{"name":"wp","href":"https:\/\/api.w.org\/{rel}","templated":true}]}}