{"id":163,"date":"2015-03-03T19:56:05","date_gmt":"2015-03-03T17:56:05","guid":{"rendered":"http:\/\/www.piapo.fi\/?page_id=163"},"modified":"2022-04-02T12:11:35","modified_gmt":"2022-04-02T10:11:35","slug":"mausteinen-piapokakku","status":"publish","type":"page","link":"http:\/\/www.piapo.fi\/?page_id=163","title":{"rendered":"Mausteinen Piapokakku"},"content":{"rendered":"<p><span style=\"color: #000000;\"><strong><span style=\"font-size: 12pt;\">Mausteinen Piapokakku<\/span><\/strong><\/span><\/p>\n<p><span style=\"font-size: 12pt; color: #000000;\">\u00a0<\/span><\/p>\n<p><span style=\"font-size: 12pt; color: #000000;\">3 dl piim\u00e4\u00e4<\/span><\/p>\n<p><span style=\"font-size: 12pt; color: #000000;\">1 dl sokeria<\/span><\/p>\n<p><span style=\"font-size: 12pt; color: #000000;\">1 dl siirappia<\/span><\/p>\n<p><span style=\"font-size: 12pt; color: #000000;\">2 tl soodaa<\/span><\/p>\n<p><span style=\"font-size: 12pt; color: #000000;\">\u00bd tl neilikkaa<\/span><\/p>\n<p><span style=\"font-size: 12pt; color: #000000;\">\u00bd tl inkiv\u00e4\u00e4ri\u00e4<\/span><\/p>\n<p><span style=\"font-size: 12pt; color: #000000;\">1 tl kanelia<\/span><\/p>\n<p><span style=\"font-size: 12pt; color: #000000;\">1 dl sulatettua voita<\/span><\/p>\n<p><span style=\"font-size: 12pt; color: #000000;\">1 dl rusinoita<a style=\"color: #000000;\" href=\"http:\/\/www.piapo.fi\/wp-content\/uploads\/2015\/02\/kuivakakku24.jpg\"><img loading=\"lazy\" decoding=\"async\" class=\" wp-image-147 alignright\" src=\"http:\/\/www.piapo.fi\/wp-content\/uploads\/2015\/02\/kuivakakku24-300x200.jpg\" alt=\"kuivakakku24\" width=\"435\" height=\"290\" srcset=\"http:\/\/www.piapo.fi\/wp-content\/uploads\/2015\/02\/kuivakakku24-300x200.jpg 300w, http:\/\/www.piapo.fi\/wp-content\/uploads\/2015\/02\/kuivakakku24-1024x683.jpg 1024w, http:\/\/www.piapo.fi\/wp-content\/uploads\/2015\/02\/kuivakakku24-1140x760.jpg 1140w, http:\/\/www.piapo.fi\/wp-content\/uploads\/2015\/02\/kuivakakku24-570x380.jpg 570w, http:\/\/www.piapo.fi\/wp-content\/uploads\/2015\/02\/kuivakakku24-380x254.jpg 380w, http:\/\/www.piapo.fi\/wp-content\/uploads\/2015\/02\/kuivakakku24-285x190.jpg 285w\" sizes=\"auto, (max-width: 435px) 100vw, 435px\" \/><\/a><\/span><\/p>\n<p><span style=\"font-size: 12pt; color: #000000;\">2 dl Kivisaaren piapojauhoja<\/span><\/p>\n<p><span style=\"font-size: 12pt; color: #000000;\">3 dl vehn\u00e4jauhoja<\/span><\/p>\n<p><span style=\"font-size: 12pt; color: #000000;\"><span style=\"color: #000000;\">Jos haluat kakusta gluteenittoman, vaihda vehn\u00e4jauhot gluteenittomaan jauhoseokseen.<br \/>\n<\/span><\/span><\/p>\n<p><span style=\"font-size: 12pt; color: #000000;\">Sekoita piapo- ja vehn\u00e4jauhot kesken\u00e4\u00e4n. Sekoita muut aineet kesken\u00e4\u00e4n. Lis\u00e4\u00e4 lopuksi jauhoseos ja sekoita taikina tasaiseksi.<\/span><\/p>\n<p><span style=\"font-size: 12pt; color: #000000;\">Kaada taikina voideltuun korppujauhotettuun rengasvuokaan. Paista 175 asteessa noin 1 tunti.<br \/>\n<\/span><\/p>\n<p><span style=\"font-size: 12pt; color: #000000;\">\u00a0<\/span><\/p>\n","protected":false},"excerpt":{"rendered":"<p>Mausteinen Piapokakku \u00a0 3 dl piim\u00e4\u00e4 1 dl sokeria 1 dl siirappia 2 tl soodaa \u00bd tl neilikkaa \u00bd tl inkiv\u00e4\u00e4ri\u00e4 1 tl kanelia 1 dl sulatettua voita 1 dl rusinoita 2 dl Kivisaaren piapojauhoja 3 dl vehn\u00e4jauhoja Jos haluat kakusta gluteenittoman, vaihda vehn\u00e4jauhot gluteenittomaan jauhoseokseen. Sekoita piapo- ja vehn\u00e4jauhot kesken\u00e4\u00e4n. Sekoita muut aineet kesken\u00e4\u00e4n. [&hellip;]<\/p>\n","protected":false},"author":1,"featured_media":0,"parent":24,"menu_order":0,"comment_status":"closed","ping_status":"closed","template":"","meta":{"footnotes":""},"class_list":["post-163","page","type-page","status-publish","hentry"],"_links":{"self":[{"href":"http:\/\/www.piapo.fi\/index.php?rest_route=\/wp\/v2\/pages\/163","targetHints":{"allow":["GET"]}}],"collection":[{"href":"http:\/\/www.piapo.fi\/index.php?rest_route=\/wp\/v2\/pages"}],"about":[{"href":"http:\/\/www.piapo.fi\/index.php?rest_route=\/wp\/v2\/types\/page"}],"author":[{"embeddable":true,"href":"http:\/\/www.piapo.fi\/index.php?rest_route=\/wp\/v2\/users\/1"}],"replies":[{"embeddable":true,"href":"http:\/\/www.piapo.fi\/index.php?rest_route=%2Fwp%2Fv2%2Fcomments&post=163"}],"version-history":[{"count":5,"href":"http:\/\/www.piapo.fi\/index.php?rest_route=\/wp\/v2\/pages\/163\/revisions"}],"predecessor-version":[{"id":356,"href":"http:\/\/www.piapo.fi\/index.php?rest_route=\/wp\/v2\/pages\/163\/revisions\/356"}],"up":[{"embeddable":true,"href":"http:\/\/www.piapo.fi\/index.php?rest_route=\/wp\/v2\/pages\/24"}],"wp:attachment":[{"href":"http:\/\/www.piapo.fi\/index.php?rest_route=%2Fwp%2Fv2%2Fmedia&parent=163"}],"curies":[{"name":"wp","href":"https:\/\/api.w.org\/{rel}","templated":true}]}}