{"id":139,"date":"2015-03-03T19:07:04","date_gmt":"2015-03-03T17:07:04","guid":{"rendered":"http:\/\/www.piapo.fi\/?page_id=139"},"modified":"2015-03-03T20:00:55","modified_gmt":"2015-03-03T18:00:55","slug":"piapokaaretorttu","status":"publish","type":"page","link":"http:\/\/www.piapo.fi\/?page_id=139","title":{"rendered":"Piapok\u00e4\u00e4retorttu"},"content":{"rendered":"<p><span style=\"color: #000000; font-size: 12pt;\"><strong>Piapok\u00e4\u00e4retorttu<\/strong><\/span><\/p>\n<p><span style=\"font-size: 12pt;\">\u00a0<\/span><\/p>\n<p><span style=\"color: #000000; font-size: 12pt;\">5 kananmunaa<\/span><\/p>\n<p><span style=\"color: #000000; font-size: 12pt;\">1 \u00be dl sokeria<\/span><\/p>\n<p><span style=\"color: #000000; font-size: 12pt;\">2 rkl vaniljasokeria<\/span><\/p>\n<p><span style=\"color: #000000; font-size: 12pt;\">1\u00bd dl perunajauhoja<\/span><\/p>\n<p><span style=\"color: #000000; font-size: 12pt;\">\u00be dl Kivisaaren piapojauhoja<\/span><\/p>\n<p><span style=\"color: #000000; font-size: 12pt;\">1 tl leivinjauhetta<\/span><\/p>\n<p><span style=\"color: #000000; font-size: 12pt;\">\u00a0<\/span><\/p>\n<p><span style=\"color: #000000; font-size: 12pt;\">T\u00e4yte<\/span><\/p>\n<p><span style=\"font-size: 12pt;\"><span style=\"color: #000000;\">2 dl vispikermaa<\/span><\/span><\/p>\n<p><span style=\"color: #000000; font-size: 12pt;\">1 dl turkkilaista jogurttia<\/span><\/p>\n<p><span style=\"color: #000000; font-size: 12pt;\">4 dl mustikoita (pakaste)<\/span><\/p>\n<p><span style=\"color: #000000; font-size: 12pt;\">\u00bd dl Kivisaaren piapojauhoja<\/span><\/p>\n<p><span style=\"color: #000000; font-size: 12pt;\">\u00be dl sokeria<\/span><\/p>\n<p><span style=\"color: #000000; font-size: 12pt;\">1 tl vaniljasokeria<\/span><\/p>\n<p><span style=\"font-size: 12pt;\">\u00a0<\/span><\/p>\n<p><span style=\"color: #000000; font-size: 12pt;\">\u00a0<\/span><span style=\"font-size: 12pt;\"><span style=\"color: #000000;\"><a href=\"http:\/\/www.piapo.fi\/wp-content\/uploads\/2015\/03\/kaaretorttu27.jpg\"><img loading=\"lazy\" decoding=\"async\" class=\"  wp-image-142 alignright\" src=\"http:\/\/www.piapo.fi\/wp-content\/uploads\/2015\/03\/kaaretorttu27-300x200.jpg\" alt=\"kaaretorttu27\" width=\"487\" height=\"324\" srcset=\"http:\/\/www.piapo.fi\/wp-content\/uploads\/2015\/03\/kaaretorttu27-300x200.jpg 300w, http:\/\/www.piapo.fi\/wp-content\/uploads\/2015\/03\/kaaretorttu27-1024x683.jpg 1024w, http:\/\/www.piapo.fi\/wp-content\/uploads\/2015\/03\/kaaretorttu27-1140x760.jpg 1140w, http:\/\/www.piapo.fi\/wp-content\/uploads\/2015\/03\/kaaretorttu27-570x380.jpg 570w, http:\/\/www.piapo.fi\/wp-content\/uploads\/2015\/03\/kaaretorttu27-380x254.jpg 380w, http:\/\/www.piapo.fi\/wp-content\/uploads\/2015\/03\/kaaretorttu27-285x190.jpg 285w\" sizes=\"auto, (max-width: 487px) 100vw, 487px\" \/><\/a><\/span><\/span><\/p>\n<p><span style=\"color: #000000; font-size: 12pt;\">Vatkaa munat ja sokerit kuohkeaksi vaahdoksi. Yhdist\u00e4 peruna- ja piapojauhot sek\u00e4 leivinjauhe ja siivil<\/span><span style=\"color: #000000; font-size: 12pt;\">\u00f6i seos munavaahtoon. <\/span><\/p>\n<p><span style=\"color: #000000; font-size: 12pt;\">Kaada taikina uunipellille. Paista 225 asteisessa uunissa 6 \u2013 8 minuuttia. Kumoa kyps\u00e4 torttulevy sokeroidulle leivinpaperille<\/span><span style=\"color: #000000; font-size: 12pt;\"> ja anna j\u00e4\u00e4hty\u00e4.<\/span><\/p>\n<p><span style=\"color: #000000; font-size: 12pt;\">Vatkaa kerma vaahdoksi. Lis\u00e4\u00e4 vaahtoon jogurtti, hieman survotut mustikat, piapojauhot, sokeri ja vaniljasokeri.<\/span><\/p>\n<p><span style=\"color: #000000; font-size: 12pt;\">Levit\u00e4 t\u00e4yte pohjalevyn p\u00e4\u00e4lle ja k\u00e4\u00e4ri rullalle pitk\u00e4lt\u00e4 sivulta alkaen. K\u00e4\u00e4ri torttu leivinpaperiin ja anna vet\u00e4yty\u00e4 noin tunti j\u00e4\u00e4kaapissa.<\/span><\/p>\n","protected":false},"excerpt":{"rendered":"<p>Piapok\u00e4\u00e4retorttu \u00a0 5 kananmunaa 1 \u00be dl sokeria 2 rkl vaniljasokeria 1\u00bd dl perunajauhoja \u00be dl Kivisaaren piapojauhoja 1 tl leivinjauhetta \u00a0 T\u00e4yte 2 dl vispikermaa 1 dl turkkilaista jogurttia 4 dl mustikoita (pakaste) \u00bd dl Kivisaaren piapojauhoja \u00be dl sokeria 1 tl vaniljasokeria \u00a0 \u00a0 Vatkaa munat ja sokerit kuohkeaksi vaahdoksi. Yhdist\u00e4 peruna- ja [&hellip;]<\/p>\n","protected":false},"author":1,"featured_media":0,"parent":24,"menu_order":0,"comment_status":"closed","ping_status":"closed","template":"","meta":{"footnotes":""},"class_list":["post-139","page","type-page","status-publish","hentry"],"_links":{"self":[{"href":"http:\/\/www.piapo.fi\/index.php?rest_route=\/wp\/v2\/pages\/139","targetHints":{"allow":["GET"]}}],"collection":[{"href":"http:\/\/www.piapo.fi\/index.php?rest_route=\/wp\/v2\/pages"}],"about":[{"href":"http:\/\/www.piapo.fi\/index.php?rest_route=\/wp\/v2\/types\/page"}],"author":[{"embeddable":true,"href":"http:\/\/www.piapo.fi\/index.php?rest_route=\/wp\/v2\/users\/1"}],"replies":[{"embeddable":true,"href":"http:\/\/www.piapo.fi\/index.php?rest_route=%2Fwp%2Fv2%2Fcomments&post=139"}],"version-history":[{"count":6,"href":"http:\/\/www.piapo.fi\/index.php?rest_route=\/wp\/v2\/pages\/139\/revisions"}],"predecessor-version":[{"id":168,"href":"http:\/\/www.piapo.fi\/index.php?rest_route=\/wp\/v2\/pages\/139\/revisions\/168"}],"up":[{"embeddable":true,"href":"http:\/\/www.piapo.fi\/index.php?rest_route=\/wp\/v2\/pages\/24"}],"wp:attachment":[{"href":"http:\/\/www.piapo.fi\/index.php?rest_route=%2Fwp%2Fv2%2Fmedia&parent=139"}],"curies":[{"name":"wp","href":"https:\/\/api.w.org\/{rel}","templated":true}]}}